{"id":27,"date":"2015-06-10T17:16:38","date_gmt":"2015-06-10T17:16:38","guid":{"rendered":"http:\/\/sailors.fi\/wp\/?page_id=27"},"modified":"2026-02-09T21:59:48","modified_gmt":"2026-02-09T18:59:48","slug":"bli-medlem","status":"publish","type":"page","link":"http:\/\/sailors.fi\/wp\/bli-medlem\/","title":{"rendered":"Bli medlem!"},"content":{"rendered":"<p>V\u00e4lkommen med till Sj\u00f6scoutk\u00e5ren Sailors! Vi tar g\u00e4rna emot nya scouter till k\u00e5ren b\u00e5de yngre och \u00e4ldre. De yngsta, vargungarna, tar vi i regel in i b\u00f6rjan av h\u00f6sten och skall ha b\u00f6rjat skolan senast samma h\u00f6st.\u00a0<\/p>\n<p>Kontakta Linnea, v\u00e5r sekreterare, s\u00e5 ser hon till att ni kommer med och f\u00e5r all info det beh\u00f6vs n\u00e4r det finns plats!<br \/>sekreterare@sailors.fi<\/p>\n<p><a href=\"http:\/\/sailors.fi\/wp\/bli-medlem\/vad-kostar-medlemskap\/\">Medlemsavgifter i Sailors<\/a><\/p>\n\n\n<p><\/p>\n","protected":false},"excerpt":{"rendered":"<p>V\u00e4lkommen med till Sj\u00f6scoutk\u00e5ren Sailors! Vi tar g\u00e4rna emot nya scouter till k\u00e5ren b\u00e5de yngre och \u00e4ldre. De yngsta, vargungarna, tar vi i regel in i b\u00f6rjan av h\u00f6sten och skall ha b\u00f6rjat skolan senast samma h\u00f6st.\u00a0 Kontakta Linnea, v\u00e5r sekreterare, s\u00e5 ser hon till att ni kommer med och f\u00e5r all info det beh\u00f6vs &hellip; <\/p>\n<p class=\"link-more\"><a href=\"http:\/\/sailors.fi\/wp\/bli-medlem\/\" class=\"more-link\">Forts\u00e4tt l\u00e4sa<span class=\"screen-reader-text\"> \u201dBli medlem!\u201d<\/span><\/a><\/p>\n","protected":false},"author":1,"featured_media":0,"parent":0,"menu_order":0,"comment_status":"closed","ping_status":"closed","template":"","meta":{"jetpack_post_was_ever_published":false,"footnotes":""},"class_list":["post-27","page","type-page","status-publish","hentry"],"jetpack_sharing_enabled":true,"jetpack_shortlink":"https:\/\/wp.me\/P6knIx-r","_links":{"self":[{"href":"http:\/\/sailors.fi\/wp\/wp-json\/wp\/v2\/pages\/27","targetHints":{"allow":["GET"]}}],"collection":[{"href":"http:\/\/sailors.fi\/wp\/wp-json\/wp\/v2\/pages"}],"about":[{"href":"http:\/\/sailors.fi\/wp\/wp-json\/wp\/v2\/types\/page"}],"author":[{"embeddable":true,"href":"http:\/\/sailors.fi\/wp\/wp-json\/wp\/v2\/users\/1"}],"replies":[{"embeddable":true,"href":"http:\/\/sailors.fi\/wp\/wp-json\/wp\/v2\/comments?post=27"}],"version-history":[{"count":22,"href":"http:\/\/sailors.fi\/wp\/wp-json\/wp\/v2\/pages\/27\/revisions"}],"predecessor-version":[{"id":1681,"href":"http:\/\/sailors.fi\/wp\/wp-json\/wp\/v2\/pages\/27\/revisions\/1681"}],"wp:attachment":[{"href":"http:\/\/sailors.fi\/wp\/wp-json\/wp\/v2\/media?parent=27"}],"curies":[{"name":"wp","href":"https:\/\/api.w.org\/{rel}","templated":true}]}}